{"id":4307,"date":"2020-03-26T09:22:17","date_gmt":"2020-03-26T09:22:17","guid":{"rendered":"https:\/\/test.beehappy.ro\/product\/levendulas-bio-akacmez\/"},"modified":"2020-09-29T12:52:56","modified_gmt":"2020-09-29T12:52:56","slug":"bio-levendulas-akacmez","status":"publish","type":"product","link":"https:\/\/test.beehappy.ro\/hu\/termek\/bio-levendulas-akacmez\/","title":{"rendered":"Bio levendul\u00e1s ak\u00e1cm\u00e9z"},"content":{"rendered":"<p>Epem\u0171k\u00f6d\u00e9st serkent\u0151, stresszold\u00f3 hat\u00e1sa miatt, ez a k\u00e9sz\u00edtm\u00e9ny egy igazi \u00e9s eg\u00e9szs\u00e9ges m\u00e9zk\u00fcl\u00f6nlegess\u00e9g. Igen kellemes \u00edze miatt pedig az egyik legkedveltebb tea \u00e9des\u00edt\u0151.<\/p>\n","protected":false},"excerpt":{"rendered":"<p>Epem\u0171k\u00f6d\u00e9st serkent\u0151, stresszold\u00f3 hat\u00e1sa miatt, ez a k\u00e9sz\u00edtm\u00e9ny egy igazi \u00e9s eg\u00e9szs\u00e9ges m\u00e9zk\u00fcl\u00f6nlegess\u00e9g. Igen kellemes \u00edze miatt pedig az egyik legkedveltebb tea \u00e9des\u00edt\u0151.<\/p>\n","protected":false},"featured_media":3916,"template":"","meta":{"_monsterinsights_skip_tracking":false,"_monsterinsights_sitenote_active":false,"_monsterinsights_sitenote_note":"","_monsterinsights_sitenote_category":0},"class_list":["post-4307","product","type-product","status-publish","has-post-thumbnail","hentry","product_cat-akacmez-termekek","product_tag-hex-hu","pa_brand-beehappy-hu","thumb-no-effect","prod-rating-on"],"_links":{"self":[{"href":"https:\/\/test.beehappy.ro\/hu\/wp-json\/wp\/v2\/product\/4307","targetHints":{"allow":["GET"]}}],"collection":[{"href":"https:\/\/test.beehappy.ro\/hu\/wp-json\/wp\/v2\/product"}],"about":[{"href":"https:\/\/test.beehappy.ro\/hu\/wp-json\/wp\/v2\/types\/product"}],"wp:featuredmedia":[{"embeddable":true,"href":"https:\/\/test.beehappy.ro\/hu\/wp-json\/wp\/v2\/media\/3916"}],"wp:attachment":[{"href":"https:\/\/test.beehappy.ro\/hu\/wp-json\/wp\/v2\/media?parent=4307"}],"curies":[{"name":"wp","href":"https:\/\/api.w.org\/{rel}","templated":true}]}}