{"id":4308,"date":"2020-03-26T09:22:17","date_gmt":"2020-03-26T09:22:17","guid":{"rendered":"https:\/\/test.beehappy.ro\/product\/apimix\/"},"modified":"2020-09-29T12:52:57","modified_gmt":"2020-09-29T12:52:57","slug":"apimix","status":"publish","type":"product","link":"https:\/\/test.beehappy.ro\/hu\/termek\/apimix\/","title":{"rendered":"ApiMix"},"content":{"rendered":"<p>Bio ak\u00e1cm\u00e9z sz\u00e1raz gy\u00fcm\u00f6lccsel \u00e9s magvakkal<\/p>\n<p>A magvakb\u00f3l sz\u00e1rmaz\u00f3 magas omega-3, A-, B- \u00e9s E-vitamin tartalma miatt ez a k\u00e9sz\u00edtm\u00e9ny j\u00f3t\u00e9kony hat\u00e1ssal b\u00edr az \u00e9rrendszeri probl\u00e9m\u00e1k eset\u00e9n, valamint serkenti az agym\u0171k\u00f6d\u00e9st.<\/p>\n","protected":false},"excerpt":{"rendered":"<p>Bio ak\u00e1cm\u00e9z sz\u00e1raz gy\u00fcm\u00f6lccsel \u00e9s magvakkal A magvakb\u00f3l sz\u00e1rmaz\u00f3 magas omega-3, A-, B- \u00e9s E-vitamin tartalma miatt ez a k\u00e9sz\u00edtm\u00e9ny j\u00f3t\u00e9kony hat\u00e1ssal b\u00edr az \u00e9rrendszeri probl\u00e9m\u00e1k eset\u00e9n, valamint serkenti az agym\u0171k\u00f6d\u00e9st.<\/p>\n","protected":false},"featured_media":3914,"template":"","meta":{"_monsterinsights_skip_tracking":false,"_monsterinsights_sitenote_active":false,"_monsterinsights_sitenote_note":"","_monsterinsights_sitenote_category":0},"class_list":["post-4308","product","type-product","status-publish","has-post-thumbnail","hentry","product_cat-akacmez-termekek","product_tag-hex-hu","pa_brand-beehappy-hu","thumb-no-effect","prod-rating-on"],"_links":{"self":[{"href":"https:\/\/test.beehappy.ro\/hu\/wp-json\/wp\/v2\/product\/4308","targetHints":{"allow":["GET"]}}],"collection":[{"href":"https:\/\/test.beehappy.ro\/hu\/wp-json\/wp\/v2\/product"}],"about":[{"href":"https:\/\/test.beehappy.ro\/hu\/wp-json\/wp\/v2\/types\/product"}],"wp:featuredmedia":[{"embeddable":true,"href":"https:\/\/test.beehappy.ro\/hu\/wp-json\/wp\/v2\/media\/3914"}],"wp:attachment":[{"href":"https:\/\/test.beehappy.ro\/hu\/wp-json\/wp\/v2\/media?parent=4308"}],"curies":[{"name":"wp","href":"https:\/\/api.w.org\/{rel}","templated":true}]}}