{"id":4310,"date":"2020-03-26T09:22:17","date_gmt":"2020-03-26T09:22:17","guid":{"rendered":"https:\/\/test.beehappy.ro\/product\/propoliszos-viragporos-bio-akacmez\/"},"modified":"2020-09-29T12:52:57","modified_gmt":"2020-09-29T12:52:57","slug":"bio-propoliszos-viragporos-akacmez","status":"publish","type":"product","link":"https:\/\/test.beehappy.ro\/hu\/termek\/bio-propoliszos-viragporos-akacmez\/","title":{"rendered":"Bio propoliszos, vir\u00e1gporos ak\u00e1cm\u00e9z"},"content":{"rendered":"<p>A vir\u00e1gpor j\u00f3t\u00e9kony hat\u00e1sait a propolisz immuner\u0151s\u00edt\u0151, antibakteri\u00e1lis \u00e9s antivir\u00e1lis hat\u00e1sa eg\u00e9sz\u00edti ki. Term\u00e9kpalett\u00e1nk legkomplexebb \u00e9s tal\u00e1n leghat\u00e9konyabb eleme.<\/p>\n","protected":false},"excerpt":{"rendered":"<p>A vir\u00e1gpor j\u00f3t\u00e9kony hat\u00e1sait a propolisz immuner\u0151s\u00edt\u0151, antibakteri\u00e1lis \u00e9s antivir\u00e1lis hat\u00e1sa eg\u00e9sz\u00edti ki. Term\u00e9kpalett\u00e1nk legkomplexebb \u00e9s tal\u00e1n leghat\u00e9konyabb eleme.<\/p>\n","protected":false},"featured_media":3918,"template":"","meta":{"_monsterinsights_skip_tracking":false,"_monsterinsights_sitenote_active":false,"_monsterinsights_sitenote_note":"","_monsterinsights_sitenote_category":0},"class_list":["post-4310","product","type-product","status-publish","has-post-thumbnail","hentry","product_cat-akacmez-termekek","product_tag-hex-hu","pa_brand-beehappy-hu","thumb-no-effect","prod-rating-on"],"_links":{"self":[{"href":"https:\/\/test.beehappy.ro\/hu\/wp-json\/wp\/v2\/product\/4310","targetHints":{"allow":["GET"]}}],"collection":[{"href":"https:\/\/test.beehappy.ro\/hu\/wp-json\/wp\/v2\/product"}],"about":[{"href":"https:\/\/test.beehappy.ro\/hu\/wp-json\/wp\/v2\/types\/product"}],"wp:featuredmedia":[{"embeddable":true,"href":"https:\/\/test.beehappy.ro\/hu\/wp-json\/wp\/v2\/media\/3918"}],"wp:attachment":[{"href":"https:\/\/test.beehappy.ro\/hu\/wp-json\/wp\/v2\/media?parent=4310"}],"curies":[{"name":"wp","href":"https:\/\/api.w.org\/{rel}","templated":true}]}}